{"id":175,"date":"2019-01-04T13:52:34","date_gmt":"2019-01-04T13:52:34","guid":{"rendered":"http:\/\/euses.neorgvirtual.com\/proteccion-de-datos\/"},"modified":"2023-03-07T12:35:34","modified_gmt":"2023-03-07T11:35:34","slug":"data-protection","status":"publish","type":"page","link":"https:\/\/euses.cat\/en\/data-protection\/","title":{"rendered":"Data protection"},"content":{"rendered":"<p><strong>POL\u00cdTICA DE PRIVACIDAD<\/strong><\/p>\n<p>&nbsp;<\/p>\n<p><strong>\u00bfQui\u00e9n es el Responsable del Tratamiento de sus datos personales?<\/strong><\/p>\n<p>&nbsp;<\/p>\n<p><strong>Identidad<\/strong>: ESCUELA SALUD Y DEPORTE, S.L. (en adelante EUSES)<br \/>\n<strong>C.I.F.<\/strong>: B-17568023Domicilio: C\/ Francesc Maci\u00e0 65 17190 Salt (Girona)<br \/>\n<strong>E-mail<\/strong>: <a href=\"mailto:protecciodades@euses.cat\">protecciodades@euses.cat<\/a><br \/>\n<strong>Tel\u00e9fono<\/strong>: (+34) 972 405 130<br \/>\n<strong>DPD<\/strong>: <a href=\"mailto:dpo.euses@rebledbellvehiadvocats.com\">dpo.euses@rebledbellvehiadvocats.com<\/a><\/p>\n<p>&nbsp;<\/p>\n<p><strong>Identidad<\/strong>: HUESAS TIERRAS DEL EBRO, S.L. (&#8220;HUESTE&#8221;)<br \/>\n<strong>C.I.F.<\/strong>: B-55076921<br \/>\n<strong>Domicilio<\/strong>: C\/ Francesc Maci\u00e0, 65 17190 Salt (Girona)<br \/>\n<strong>E-mail<\/strong>: <a href=\"mailto:dpd@metrodoraeducation.com\">dpd@metrodoraeducation.com<\/a><br \/>\n<strong>Tel\u00e9fono<\/strong>: (+34) 977 448 093<br \/>\n<strong>DPD<\/strong>: <a href=\"mailto:dpd@metrodoraeducation.com\">dpd@metrodoraeducation.com<\/a><\/p>\n<p>&nbsp;<\/p>\n<p><strong>Identidad<\/strong>: U.COLLEGE OF NEW TECHNOLOGIES, S.L. (&#8220;ENTI&#8221;)<br \/>\n<strong>C.I.F.<\/strong>: B-55140453<br \/>\n<strong>Domicilio<\/strong>: C\/ Francesc Maci\u00e0, 65 17190 Salt (Girona)<br \/>\n<strong>E-mail<\/strong>: <a href=\"mailto:protecciodades@enti.cat\">protecciodades@enti.cat<\/a><br \/>\n<strong>Tel\u00e9fono<\/strong>: (+34) 932 630 224<br \/>\n<strong>DPD<\/strong>: <a href=\"mailto:dpo.enti@bellvehi.com\">dpo.enti@bellvehi.com<\/a><\/p>\n<p>&nbsp;<\/p>\n<p><strong>\u00bfCon qu\u00e9 fines tratamos sus datos personales?<\/strong><\/p>\n<p>&nbsp;<\/p>\n<p>Tratamos la informaci\u00f3n que nos facilita el usuario con el fin de gestionar las solicitudes de informaci\u00f3n realizadas a trav\u00e9s de la web y la elaboraci\u00f3n de perfiles de los usuarios para enviarles comunicaciones comerciales de los programas de formaci\u00f3n (grados, m\u00e1steres, postgrados, cursos, jornadas, seminarios, etc), actividades y servicios que puedan ser de su inter\u00e9s. Las elaboraciones de perfil se elaboran teniendo en cuenta la edad, c\u00f3digo postal, poblaci\u00f3n, estudios actuales, como nos ha conocido, informaci\u00f3n solicitada, a fin de acotar la informaci\u00f3n que se enviar\u00e1 al solicitante, con el fin de enviarle comunicaciones informativas que mejor se adapten a sus intereses.<\/p>\n<p>&nbsp;<\/p>\n<p><strong>\u00bfPor cu\u00e1nto tiempo conservaremos sus datos personales?<\/strong><\/p>\n<p>&nbsp;<\/p>\n<p>Los datos personales proporcionados se conservar\u00e1n mientras no se solicite su supresi\u00f3n por el usuario para poder enviarle comunicaciones informativas.<\/p>\n<p>&nbsp;<\/p>\n<p><strong>\u00bfCu\u00e1l es la legitimaci\u00f3n para el tratamiento de sus datos personales?<\/strong><\/p>\n<p>&nbsp;<\/p>\n<p>La base legal para el tratamiento de datos es el consentimiento expl\u00edcito del usuario prestado mediante la aceptaci\u00f3n de esta Pol\u00edtica de Privacidad. El usuario deber\u00e1 comunicarnos sus datos personales actuales para que la informaci\u00f3n contenida en nuestros archivos est\u00e9 actualizada y sin errores.<\/p>\n<p>&nbsp;<\/p>\n<p><strong>\u00bfA qu\u00e9 destinatarios se comunicar\u00e1n sus datos personales?<\/strong><\/p>\n<p>&nbsp;<\/p>\n<p>Los datos pueden comunicarse a empresas del Grupo, para las mismas finalidades referidas anteriormente. Adem\u00e1s, podr\u00e1n ser comunicadas a los proveedores que realicen servicios jur\u00eddicos, de auditor\u00eda, gestor\u00eda, servicios inform\u00e1ticos y servicios de comunicaci\u00f3n, marketing en EUSES, EUSESTE y ENTI, as\u00ed como a las empresas RECUPERACIONES AULADELL, SL, DOLMI 2000, SL, PESA4040, SL y RETPAR 30, SL. Por \u00faltimo, informarles de que los datos podr\u00e1n alojarse en proveedores de los EE.UU adheridos al &#8220;PrivacyShield&#8221; y en Chile, Singapur y Taiw\u00e1n, en condiciones de m\u00e1xima seguridad y confidencialidad. A tal efecto, se podr\u00e1n utilizar cookies de terceros para hacer seguimiento de las comunicaciones informativas.<\/p>\n<p>&nbsp;<\/p>\n<p><strong>\u00bfCu\u00e1les son sus derechos cuando nos facilita sus datos personales?<\/strong><\/p>\n<p>&nbsp;<\/p>\n<p>El usuario puede ejercer su derecho de acceso a los datos personales, as\u00ed como solicitar la rectificaci\u00f3n de los datos inexactos o, en su caso, solicitar su supresi\u00f3n cuando los datos ya no sean necesarios para las finalidades para las cuales fueron recogidas. Tambi\u00e9n podr\u00e1 solicitar la limitaci\u00f3n, portabilidad y oposici\u00f3n del tratamiento de sus datos, en determinadas circunstancias y por motivos relacionados con su situaci\u00f3n particular. Igualmente, tiene derecho a revocar su consentimiento en cualquier momento sin que ello afecte de forma retroactiva al tratamiento de datos personales realizado hasta el momento. El usuario podr\u00e1 ejercer los derechos referidos anteriormente, en los t\u00e9rminos y condiciones previstos en la legislaci\u00f3n vigente, en el domicilio social de EUSES, EUSES TE o ENTI o bien solicitarlo por correo electr\u00f3nico a <a href=\"mailto:dpo.euses@rebledbellvehiadvocats.com\">dpo.euses@rebledbellvehiadvocats.com<\/a>\/<a href=\"mailto:dpo.enti@bellvehi.com\">dpo.enti@bellvehi.com<\/a>\/ <a href=\"mailto:dpd@metrodoraeducation.com\">dpd@metrodoraeducation.com<\/a>. En caso de que no obtenga una respuesta satisfactoria y desee formular una reclamaci\u00f3n u obtener mayor informaci\u00f3n referente a cualquiera de estos derechos, se podr\u00e1 acudir a la Autoridad Catalana de Protecci\u00f3n de Datos (<a href=\"http:\/\/www.apdcat.cat\">www.apdcat.cat<\/a> \u2013 C\/ Rossell\u00f3, n\u00fam 214, Esc. A, 1\u00ba 1\u00aa, 08008 Barcelona).<\/p>\n","protected":false},"excerpt":{"rendered":"<p>POL\u00cdTICA DE PRIVACIDAD &nbsp; \u00bfQui\u00e9n es el Responsable del Tratamiento de sus datos personales? &nbsp; Identidad: ESCUELA SALUD Y DEPORTE, S.L. (en adelante EUSES) C.I.F.: B-17568023Domicilio: C\/ Francesc Maci\u00e0 65 17190 Salt (Girona) E-mail: protecciodades@euses.cat Tel\u00e9fono: (+34) 972 405 130 DPD: dpo.euses@rebledbellvehiadvocats.com &nbsp; Identidad: HUESAS TIERRAS DEL EBRO, S.L. (&#8220;HUESTE&#8221;) C.I.F.: B-55076921 Domicilio: C\/ Francesc [&hellip;]<\/p>\n","protected":false},"author":1,"featured_media":0,"parent":0,"menu_order":0,"comment_status":"closed","ping_status":"closed","template":"page-legal.php","meta":{"_acf_changed":false,"footnotes":""},"class_list":["post-175","page","type-page","status-publish","hentry"],"acf":[],"yoast_head":"<!-- This site is optimized with the Yoast SEO plugin v27.3 - https:\/\/yoast.com\/product\/yoast-seo-wordpress\/ -->\n<title>Data protection | Euses<\/title>\n<meta name=\"robots\" content=\"index, follow, max-snippet:-1, max-image-preview:large, max-video-preview:-1\" \/>\n<link rel=\"canonical\" href=\"https:\/\/euses.cat\/en\/data-protection\/\" \/>\n<meta property=\"og:locale\" content=\"en_US\" \/>\n<meta property=\"og:type\" content=\"article\" \/>\n<meta property=\"og:title\" content=\"Data protection | Euses\" \/>\n<meta property=\"og:description\" content=\"POL\u00cdTICA DE PRIVACIDAD &nbsp; \u00bfQui\u00e9n es el Responsable del Tratamiento de sus datos personales? &nbsp; Identidad: ESCUELA SALUD Y DEPORTE, S.L. (en adelante EUSES) C.I.F.: B-17568023Domicilio: C\/ Francesc Maci\u00e0 65 17190 Salt (Girona) E-mail: protecciodades@euses.cat Tel\u00e9fono: (+34) 972 405 130 DPD: dpo.euses@rebledbellvehiadvocats.com &nbsp; Identidad: HUESAS TIERRAS DEL EBRO, S.L. (&#8220;HUESTE&#8221;) C.I.F.: B-55076921 Domicilio: C\/ Francesc [&hellip;]\" \/>\n<meta property=\"og:url\" content=\"https:\/\/euses.cat\/en\/data-protection\/\" \/>\n<meta property=\"og:site_name\" content=\"Euses\" \/>\n<meta property=\"article:publisher\" content=\"https:\/\/www.facebook.com\/EUSESoficial\/\" \/>\n<meta property=\"article:modified_time\" content=\"2023-03-07T11:35:34+00:00\" \/>\n<meta name=\"twitter:card\" content=\"summary_large_image\" \/>\n<meta name=\"twitter:site\" content=\"@EUSES_oficial\" \/>\n<meta name=\"twitter:label1\" content=\"Est. reading time\" \/>\n\t<meta name=\"twitter:data1\" content=\"4 minutes\" \/>\n<script type=\"application\/ld+json\" class=\"yoast-schema-graph\">{\"@context\":\"https:\\\/\\\/schema.org\",\"@graph\":[{\"@type\":\"WebPage\",\"@id\":\"https:\\\/\\\/euses.cat\\\/en\\\/data-protection\\\/\",\"url\":\"https:\\\/\\\/euses.cat\\\/en\\\/data-protection\\\/\",\"name\":\"Data protection | Euses\",\"isPartOf\":{\"@id\":\"https:\\\/\\\/euses.cat\\\/#website\"},\"datePublished\":\"2019-01-04T13:52:34+00:00\",\"dateModified\":\"2023-03-07T11:35:34+00:00\",\"breadcrumb\":{\"@id\":\"https:\\\/\\\/euses.cat\\\/en\\\/data-protection\\\/#breadcrumb\"},\"inLanguage\":\"en-US\",\"potentialAction\":[{\"@type\":\"ReadAction\",\"target\":[\"https:\\\/\\\/euses.cat\\\/en\\\/data-protection\\\/\"]}]},{\"@type\":\"BreadcrumbList\",\"@id\":\"https:\\\/\\\/euses.cat\\\/en\\\/data-protection\\\/#breadcrumb\",\"itemListElement\":[{\"@type\":\"ListItem\",\"position\":1,\"name\":\"Inici\",\"item\":\"https:\\\/\\\/euses.cat\\\/en\\\/00-inici\\\/\"},{\"@type\":\"ListItem\",\"position\":2,\"name\":\"Data protection\"}]},{\"@type\":\"WebSite\",\"@id\":\"https:\\\/\\\/euses.cat\\\/#website\",\"url\":\"https:\\\/\\\/euses.cat\\\/\",\"name\":\"Euses\",\"description\":\"EUSES, Escola Universit\u00e0ria de Fisioter\u00e0pia i CAFE\",\"potentialAction\":[{\"@type\":\"SearchAction\",\"target\":{\"@type\":\"EntryPoint\",\"urlTemplate\":\"https:\\\/\\\/euses.cat\\\/?s={search_term_string}\"},\"query-input\":{\"@type\":\"PropertyValueSpecification\",\"valueRequired\":true,\"valueName\":\"search_term_string\"}}],\"inLanguage\":\"en-US\"}]}<\/script>\n<!-- \/ Yoast SEO plugin. -->","yoast_head_json":{"title":"Data protection | Euses","robots":{"index":"index","follow":"follow","max-snippet":"max-snippet:-1","max-image-preview":"max-image-preview:large","max-video-preview":"max-video-preview:-1"},"canonical":"https:\/\/euses.cat\/en\/data-protection\/","og_locale":"en_US","og_type":"article","og_title":"Data protection | Euses","og_description":"POL\u00cdTICA DE PRIVACIDAD &nbsp; \u00bfQui\u00e9n es el Responsable del Tratamiento de sus datos personales? &nbsp; Identidad: ESCUELA SALUD Y DEPORTE, S.L. (en adelante EUSES) C.I.F.: B-17568023Domicilio: C\/ Francesc Maci\u00e0 65 17190 Salt (Girona) E-mail: protecciodades@euses.cat Tel\u00e9fono: (+34) 972 405 130 DPD: dpo.euses@rebledbellvehiadvocats.com &nbsp; Identidad: HUESAS TIERRAS DEL EBRO, S.L. (&#8220;HUESTE&#8221;) C.I.F.: B-55076921 Domicilio: C\/ Francesc [&hellip;]","og_url":"https:\/\/euses.cat\/en\/data-protection\/","og_site_name":"Euses","article_publisher":"https:\/\/www.facebook.com\/EUSESoficial\/","article_modified_time":"2023-03-07T11:35:34+00:00","twitter_card":"summary_large_image","twitter_site":"@EUSES_oficial","twitter_misc":{"Est. reading time":"4 minutes"},"schema":{"@context":"https:\/\/schema.org","@graph":[{"@type":"WebPage","@id":"https:\/\/euses.cat\/en\/data-protection\/","url":"https:\/\/euses.cat\/en\/data-protection\/","name":"Data protection | Euses","isPartOf":{"@id":"https:\/\/euses.cat\/#website"},"datePublished":"2019-01-04T13:52:34+00:00","dateModified":"2023-03-07T11:35:34+00:00","breadcrumb":{"@id":"https:\/\/euses.cat\/en\/data-protection\/#breadcrumb"},"inLanguage":"en-US","potentialAction":[{"@type":"ReadAction","target":["https:\/\/euses.cat\/en\/data-protection\/"]}]},{"@type":"BreadcrumbList","@id":"https:\/\/euses.cat\/en\/data-protection\/#breadcrumb","itemListElement":[{"@type":"ListItem","position":1,"name":"Inici","item":"https:\/\/euses.cat\/en\/00-inici\/"},{"@type":"ListItem","position":2,"name":"Data protection"}]},{"@type":"WebSite","@id":"https:\/\/euses.cat\/#website","url":"https:\/\/euses.cat\/","name":"Euses","description":"EUSES, Escola Universit\u00e0ria de Fisioter\u00e0pia i CAFE","potentialAction":[{"@type":"SearchAction","target":{"@type":"EntryPoint","urlTemplate":"https:\/\/euses.cat\/?s={search_term_string}"},"query-input":{"@type":"PropertyValueSpecification","valueRequired":true,"valueName":"search_term_string"}}],"inLanguage":"en-US"}]}},"_links":{"self":[{"href":"https:\/\/euses.cat\/en\/wp-json\/wp\/v2\/pages\/175","targetHints":{"allow":["GET"]}}],"collection":[{"href":"https:\/\/euses.cat\/en\/wp-json\/wp\/v2\/pages"}],"about":[{"href":"https:\/\/euses.cat\/en\/wp-json\/wp\/v2\/types\/page"}],"author":[{"embeddable":true,"href":"https:\/\/euses.cat\/en\/wp-json\/wp\/v2\/users\/1"}],"replies":[{"embeddable":true,"href":"https:\/\/euses.cat\/en\/wp-json\/wp\/v2\/comments?post=175"}],"version-history":[{"count":14,"href":"https:\/\/euses.cat\/en\/wp-json\/wp\/v2\/pages\/175\/revisions"}],"predecessor-version":[{"id":1104,"href":"https:\/\/euses.cat\/en\/wp-json\/wp\/v2\/pages\/175\/revisions\/1104"}],"wp:attachment":[{"href":"https:\/\/euses.cat\/en\/wp-json\/wp\/v2\/media?parent=175"}],"curies":[{"name":"wp","href":"https:\/\/api.w.org\/{rel}","templated":true}]}}