{"id":75,"date":"2019-01-04T13:40:24","date_gmt":"2019-01-04T13:40:24","guid":{"rendered":"http:\/\/euses.neorgvirtual.com\/?page_id=75"},"modified":"2023-02-27T09:07:09","modified_gmt":"2023-02-27T08:07:09","slug":"aviso-legal","status":"publish","type":"page","link":"https:\/\/euses.cat\/es\/aviso-legal\/","title":{"rendered":"Aviso legal"},"content":{"rendered":"<div class=\"container-fluid\">\n<p><strong>Informaci\u00f3n general \u2013 Titularidad del sitio<\/strong><\/p>\n<p>&nbsp;<\/p>\n<p>En cumplimiento de lo previsto en el art\u00edculo 10 de la Ley 34\/2002, de 11 de julio, de Servicios de la Sociedad de la Informaci\u00f3n y Comercio Electr\u00f3nico, se informa que <a href=\"https:\/\/euses.cat\/\">www.euses.cat<\/a> es un dominio d\u2019EUSES TERRES DE L&#8217;EBRE, SL (en adelante, EUSES-TE), CIF B55076921, domicilio social en Calle President Maci\u00e0, 65 \u2022 17190 Salt (Girona), correo electr\u00f3nico <a href=\"mailto:protecciodades@euses.cat\">protecciodades@euses.cat<\/a> y tel\u00e9fono de contacto 977 448 093.<br \/>\nEl sitio web <a href=\"https:\/\/euses.cat\/\">www.euses.cat<\/a> tiene por finalidad poner a disposici\u00f3n de los alumnos y \/ o usuarios de EUSES-TE, y del p\u00fablico interesado, informaci\u00f3n actualizada sobre EUSES-TE.<\/p>\n<p>&nbsp;<\/p>\n<p><strong>CONDICIONES GENERALES DE USO DEL PORTAL<\/strong><\/p>\n<p>&nbsp;<\/p>\n<p>El presente Aviso Legal, junto con la Pol\u00edtica de privacidad, rigen el acceso y la utilizaci\u00f3n, por parte del Usuario, del sitio web <a href=\"https:\/\/euses.cat\/\">www.euses.cat<\/a>, y regulan expresamente las relaciones surgidas entre EUSES-TE y los \u201cUsuarios\u201d as\u00ed como la informaci\u00f3n y servicios ofrecidos a trav\u00e9s de su sitio web.<br \/>\nMediante la aceptaci\u00f3n de las presentes Condiciones Generales de Uso, el Usuario manifiesta:<br \/>\na. Que ha le\u00eddo, entiende y comprende lo aqu\u00ed expuesto.<br \/>\nb. Que asume todas las obligaciones aqu\u00ed dispuestas.<br \/>\nEl titular del sitio web se reserva la facultad de realizar, en cualquier momento y sin necesidad de preaviso, cualquier modificaci\u00f3n o actualizaci\u00f3n de sus contenidos y servicios, de las presentes Condiciones Generales y, en general, de cuantos elementos integran el dise\u00f1o y configuraci\u00f3n del sitio Web.<\/p>\n<p>&nbsp;<\/p>\n<p><strong>1.- Contenido de la web<\/strong><\/p>\n<p>&nbsp;<\/p>\n<p><a href=\"https:\/\/euses.cat\/\">www.euses.cat<\/a> proporciona el acceso a multitud de informaciones, servicios o datos (en adelante, \u201clos contenidos\u201d) en Internet pertenecientes a EUSES-TE o a sus licenciantes a los que el USUARIO pueda tener acceso. El USUARIO asume la responsabilidad del uso del portal.<br \/>\nEl usuario accede voluntariamente a este sitio web. El acceso y navegaci\u00f3n en esta p\u00e1gina implica aceptar y conocer las advertencias legales, condiciones y t\u00e9rminos de uso contenidos en ella. El mero acceso no implica el establecimiento de ning\u00fan tipo de relaci\u00f3n comercial entre EUSES-TE y el usuario.<\/p>\n<p>EUSES-TE no se responsabiliza del mal uso que se realice de los contenidos de nuestra p\u00e1gina web, siendo exclusiva responsabilidad de la persona que accede a ellos o los utiliza. Tampoco asume ninguna responsabilidad por la informaci\u00f3n contenida en las p\u00e1ginas web de terceros a las que se pueda acceder por enlaces desde la p\u00e1gina web <a href=\"https:\/\/euses.cat\/\">www.euses.cat<\/a>. La presencia de estos enlaces en el sitio web tiene una finalidad informativa, no constituyendo en ning\u00fan caso una invitaci\u00f3n a la contrataci\u00f3n de productos o servicios que se ofrezcan en el sitio web de destino.<\/p>\n<p>EUSES-TE se reserva el derecho a actualizar, modificar o eliminar la informaci\u00f3n contenida en su sitio web, y la configuraci\u00f3n o presentaci\u00f3n del mismo, en cualquier momento, sin previo aviso, y sin asumir responsabilidad por este hecho.<\/p>\n<p>&nbsp;<\/p>\n<p><strong>2.- Acceso al Sitio Web<\/strong><\/p>\n<p>&nbsp;<\/p>\n<p>USUARIOS: El acceso y \/ o uso de este portal de EUSES-TE atribuye la condici\u00f3n de USUARIO, que acepta, desde dicho acceso y \/ o uso, las Condiciones Generales de Uso aqu\u00ed reflejadas.<\/p>\n<p>El acceso al Sitio Web es gratuito salvo en lo relativo al coste de la conexi\u00f3n a trav\u00e9s de la red de telecomunicaciones suministrada por el proveedor de acceso contratado por el Usuario.<\/p>\n<p>&nbsp;<\/p>\n<p><strong>3.- Registro<\/strong><\/p>\n<p>&nbsp;<\/p>\n<p>Con car\u00e1cter general, para acceder y navegar por los contenidos del sitio web no es necesario el registro del usuario. No obstante, la utilizaci\u00f3n de determinados servicios y contenidos puede estar condicionada al Registro previo del usuario.<\/p>\n<p>Los datos introducidos por el Usuario deber\u00e1n ser exactos, actuales y veraces. El usuario registrado ser\u00e1 responsable en todo momento de la custodia de su contrase\u00f1a, asumiendo en consecuencia cualesquiera da\u00f1os y perjuicios que pudieran derivarse de su uso indebido, as\u00ed como de la cesi\u00f3n, revelaci\u00f3n o extrav\u00edo del mismo. A estos efectos, el acceso a \u00e1reas restringidas y \/ o el uso de los servicios y contenidos realizado bajo la contrase\u00f1a de un usuario registrado se reputar\u00e1n realizadas por dicho usuario registrado, quien responder\u00e1 en todo caso de dicho acceso y uso.<\/p>\n<p>&nbsp;<\/p>\n<p><strong>4.- Normas de utilizaci\u00f3n del Sitio Web<\/strong><\/p>\n<p>&nbsp;<\/p>\n<p>El Usuario se obliga a utilizar el Sitio Web y todo su contenido y servicios conforme a lo establecido en la ley, la moral, el orden p\u00fablico y en las presentes Condiciones Generales. Asimismo, se obliga a hacer un uso adecuado de los servicios y \/ o contenidos del sitio web y a no emplearlos para realizar actividades il\u00edcitas o constitutivas de delito, que atenten contra los derechos de terceros y \/ o que infrinjan la regulaci\u00f3n sobre propiedad intelectual e industrial, o cualesquiera otras normas del ordenamiento jur\u00eddico aplicable.<\/p>\n<p>El Usuario se obliga a no transmitir, introducir, difundir y poner a disposici\u00f3n de terceros cualquier tipo de material e informaci\u00f3n (datos, contenidos, mensajes, dibujos, archivos de sonido e imagen, fotograf\u00edas, software, etc.) que sean contrarios a la ley, la moral, el orden p\u00fablico y las presentes Condiciones Generales.<\/p>\n<p>&nbsp;<\/p>\n<p><strong>5.- Responsabilidad<\/strong><\/p>\n<p>&nbsp;<\/p>\n<p>EUSES-TE no asume ninguna responsabilidad que se pueda derivar de problemas t\u00e9cnicos o fallos en los equipos inform\u00e1ticos, no imputables a nuestra empresa, que se produzcan durante la conexi\u00f3n a la red de Internet, as\u00ed como de da\u00f1os que puedan ser causados por terceras personas mediante intromisiones il \u2022 leg\u00edtimas fuera del control de EUSES-TE. Tampoco nos responsabilizamos del mal uso que pueda hacer de este sitio web. Desde EUSES-TE no garantizamos la ausencia de virus u otros elementos que pudieran causar da\u00f1os en los sistemas inform\u00e1ticos, en los documentos electr\u00f3nicos o en los ficheros de usuario de este sitio web o de sitios web de terceros, por lo que no nos responsabilizamos de los perjuicios que se pudieran producir por estas causas. Tambi\u00e9n quedamos exonerados de toda responsabilidad ante posibles da\u00f1os o perjuicios que pueda sufrir el usuario a consecuencia de errores, defectos u omisiones en la informaci\u00f3n que facilitemos cuando proceda de fuentes.<\/p>\n<p>EUSES-TE no asume ninguna responsabilidad sobre la posible falta de actualizaci\u00f3n de este Sitio Web, ni garantiza que la informaci\u00f3n publicada sea precisa ni completa. Por tanto, el Usuario debe confirmar que la informaci\u00f3n publicada sea precisa y completa antes de tomar ninguna decisi\u00f3n relacionada con cualquier servicio o contenido descrito en este Sitio Web.<\/p>\n<p>&nbsp;<\/p>\n<p><strong>6.- Propiedad intelectual e industrial<\/strong><\/p>\n<p>&nbsp;<\/p>\n<p>EUSES-TE es la propietaria y \/ o leg\u00edtima titular del sitio web y de su contenido. Todos los contenidos del sitio web, entendiendo por \u00e9stos, a t\u00edtulo meramente enunciativo, los textos, fotograf\u00edas, gr\u00e1ficos, im\u00e1genes, iconos, tecnolog\u00eda, software, links y dem\u00e1s contenidos audiovisuales o sonoros, as\u00ed como su dise\u00f1o gr\u00e1fico y c\u00f3digos fuente, son propiedad intelectual de EUSES-TE o de terceros, sin que puedan entenderse cedidos al Usuario ninguno de los derechos de explotaci\u00f3n reconocidos por la normativa vigente en materia de propiedad intelectual sobre los mismos.<\/p>\n<p>El sitio web y sus contenidos est\u00e1n protegidos por las leyes de Propiedad intelectual, industrial y de publicidad, entre otros. La distribuci\u00f3n, modificaci\u00f3n, cesi\u00f3n, comunicaci\u00f3n p\u00fablica y cualquier otro acto que no haya sido expresamente autorizado por EUSES-TE, que es la titular de los derechos de explotaci\u00f3n, quedan expresamente prohibidos, y esta \u00faltima podr\u00e1 ejercitar las acciones que crea oportunas en defensa de sus derechos.<\/p>\n<p>Respecto a su contenido, en virtud de lo dispuesto en los art\u00edculos 8 y 32.1, p\u00e1rrafo segundo, de la Ley de Propiedad Intectual, se proh\u00edbe expresamente:<\/p>\n<p>Su reproducci\u00f3n, distribuci\u00f3n o modificaci\u00f3n, a menos que se cuente con la autorizaci\u00f3n de sus leg\u00edtimos titulares o resulte legalmente permitido, siempre que a su vez se cuente con la autorizaci\u00f3n de EUSES-TE. Su utilizaci\u00f3n para todo tipo de fines comerciales o publicitarios, distintos de los estrictamente permitidos. Cualquier intento de obtener los contenidos del sitio web por cualquier medio distinto de los que se pongan a disposici\u00f3n de los usuarios, as\u00ed como de los que habitualmente se empleen en la red.<\/p>\n<p>Las marcas, nombres comerciales o signos distintivos son titularidad de EUSES-TE o de terceros, sin que pueda entenderse que el acceso al Sitio Web atribuye alg\u00fan derecho sobre los mismos.<\/p>\n<p>Sobre todos los contenidos publicados libremente por el Usuario en el Sitio Web, entendiendo como tales v\u00eddeos, fotograf\u00edas y cualquier comentario, opini\u00f3n o descripci\u00f3n (en adelante, \u201clos contenidos\u201d), el Usuario otorga gratuitamente a EUSES-TE una licencia de uso sin limitaci\u00f3n temporal ni territorial. En base a esta licencia, EUSES-TE podr\u00e1 explotar libremente los derechos de reproducci\u00f3n, transformaci\u00f3n, distribuci\u00f3n y comunicaci\u00f3n p\u00fablica de los contenidos, \u00fanicamente con la finalidad de poder prestar los servicios solicitados por el Usuario.<\/p>\n<p>&nbsp;<\/p>\n<p><strong>7- Nulidad e ineficacia de las cl\u00e1usulas<\/strong><\/p>\n<p>&nbsp;<\/p>\n<p>Si cualquier cl\u00e1usula incluida en las presentes Condiciones Generales fuese declarada total o parcialmente, nula o ineficaz, esta nulidad o ineficacia tan s\u00f3lo afectar\u00e1 a dicha disposici\u00f3n o a la parte de la misma que resulte nula o ineficaz, subsistiendo las presentes Condiciones generales en todo lo dem\u00e1s, consider\u00e1ndose tal disposici\u00f3n total o parcialmente por no incluida.<\/p>\n<p>&nbsp;<\/p>\n<p><strong>8.- Legislaci\u00f3n y jurisdicci\u00f3n<\/strong><\/p>\n<p>&nbsp;<\/p>\n<p>Con car\u00e1cter general, las relaciones con nuestros clientes, que se deriven de la prestaci\u00f3n de los servicios contenidos en nuestra web, est\u00e1n sometidas a la legislaci\u00f3n y la jurisdicci\u00f3n espa\u00f1ola.<\/p>\n<p>En caso de que fuera necesario ir a la v\u00eda judicial para el cumplimiento o interpretaci\u00f3n de lo convenido en este contrato, de com\u00fan acuerdo, ambas partes acuerdan someterse a los Juzgados de Girona, con renuncia expresa de las partes a cualquier otro fuero que pudiera corresponderles.<\/p>\n<\/div>\n","protected":false},"excerpt":{"rendered":"<p>Informaci\u00f3n general \u2013 Titularidad del sitio &nbsp; En cumplimiento de lo previsto en el art\u00edculo 10 de la Ley 34\/2002, de 11 de julio, de Servicios de la Sociedad de la Informaci\u00f3n y Comercio Electr\u00f3nico, se informa que www.euses.cat es un dominio d\u2019EUSES TERRES DE L&#8217;EBRE, SL (en adelante, EUSES-TE), CIF B55076921, domicilio social en [&hellip;]<\/p>\n","protected":false},"author":1,"featured_media":0,"parent":0,"menu_order":0,"comment_status":"closed","ping_status":"closed","template":"page-legal.php","meta":{"_acf_changed":false,"footnotes":""},"class_list":["post-75","page","type-page","status-publish","hentry"],"acf":[],"yoast_head":"<!-- This site is optimized with the Yoast SEO plugin v27.3 - https:\/\/yoast.com\/product\/yoast-seo-wordpress\/ -->\n<title>Aviso legal | Euses<\/title>\n<meta name=\"robots\" content=\"index, follow, max-snippet:-1, max-image-preview:large, max-video-preview:-1\" \/>\n<link rel=\"canonical\" href=\"https:\/\/euses.cat\/es\/aviso-legal\/\" \/>\n<meta property=\"og:locale\" content=\"es_ES\" \/>\n<meta property=\"og:type\" content=\"article\" \/>\n<meta property=\"og:title\" content=\"Aviso legal | Euses\" \/>\n<meta property=\"og:description\" content=\"Informaci\u00f3n general \u2013 Titularidad del sitio &nbsp; En cumplimiento de lo previsto en el art\u00edculo 10 de la Ley 34\/2002, de 11 de julio, de Servicios de la Sociedad de la Informaci\u00f3n y Comercio Electr\u00f3nico, se informa que www.euses.cat es un dominio d\u2019EUSES TERRES DE L&#8217;EBRE, SL (en adelante, EUSES-TE), CIF B55076921, domicilio social en [&hellip;]\" \/>\n<meta property=\"og:url\" content=\"https:\/\/euses.cat\/es\/aviso-legal\/\" \/>\n<meta property=\"og:site_name\" content=\"Euses\" \/>\n<meta property=\"article:publisher\" content=\"https:\/\/www.facebook.com\/EUSESoficial\/\" \/>\n<meta property=\"article:modified_time\" content=\"2023-02-27T08:07:09+00:00\" \/>\n<meta name=\"twitter:card\" content=\"summary_large_image\" \/>\n<meta name=\"twitter:site\" content=\"@EUSES_oficial\" \/>\n<meta name=\"twitter:label1\" content=\"Tiempo de lectura\" \/>\n\t<meta name=\"twitter:data1\" content=\"9 minutos\" \/>\n<script type=\"application\/ld+json\" class=\"yoast-schema-graph\">{\"@context\":\"https:\\\/\\\/schema.org\",\"@graph\":[{\"@type\":\"WebPage\",\"@id\":\"https:\\\/\\\/euses.cat\\\/es\\\/aviso-legal\\\/\",\"url\":\"https:\\\/\\\/euses.cat\\\/es\\\/aviso-legal\\\/\",\"name\":\"Aviso legal | Euses\",\"isPartOf\":{\"@id\":\"https:\\\/\\\/euses.cat\\\/#website\"},\"datePublished\":\"2019-01-04T13:40:24+00:00\",\"dateModified\":\"2023-02-27T08:07:09+00:00\",\"breadcrumb\":{\"@id\":\"https:\\\/\\\/euses.cat\\\/es\\\/aviso-legal\\\/#breadcrumb\"},\"inLanguage\":\"es\",\"potentialAction\":[{\"@type\":\"ReadAction\",\"target\":[\"https:\\\/\\\/euses.cat\\\/es\\\/aviso-legal\\\/\"]}]},{\"@type\":\"BreadcrumbList\",\"@id\":\"https:\\\/\\\/euses.cat\\\/es\\\/aviso-legal\\\/#breadcrumb\",\"itemListElement\":[{\"@type\":\"ListItem\",\"position\":1,\"name\":\"Inici\",\"item\":\"https:\\\/\\\/euses.cat\\\/es\\\/00-inici\\\/\"},{\"@type\":\"ListItem\",\"position\":2,\"name\":\"Aviso legal\"}]},{\"@type\":\"WebSite\",\"@id\":\"https:\\\/\\\/euses.cat\\\/#website\",\"url\":\"https:\\\/\\\/euses.cat\\\/\",\"name\":\"Euses\",\"description\":\"EUSES, Escola Universit\u00e0ria de Fisioter\u00e0pia i CAFE\",\"potentialAction\":[{\"@type\":\"SearchAction\",\"target\":{\"@type\":\"EntryPoint\",\"urlTemplate\":\"https:\\\/\\\/euses.cat\\\/?s={search_term_string}\"},\"query-input\":{\"@type\":\"PropertyValueSpecification\",\"valueRequired\":true,\"valueName\":\"search_term_string\"}}],\"inLanguage\":\"es\"}]}<\/script>\n<!-- \/ Yoast SEO plugin. -->","yoast_head_json":{"title":"Aviso legal | Euses","robots":{"index":"index","follow":"follow","max-snippet":"max-snippet:-1","max-image-preview":"max-image-preview:large","max-video-preview":"max-video-preview:-1"},"canonical":"https:\/\/euses.cat\/es\/aviso-legal\/","og_locale":"es_ES","og_type":"article","og_title":"Aviso legal | Euses","og_description":"Informaci\u00f3n general \u2013 Titularidad del sitio &nbsp; En cumplimiento de lo previsto en el art\u00edculo 10 de la Ley 34\/2002, de 11 de julio, de Servicios de la Sociedad de la Informaci\u00f3n y Comercio Electr\u00f3nico, se informa que www.euses.cat es un dominio d\u2019EUSES TERRES DE L&#8217;EBRE, SL (en adelante, EUSES-TE), CIF B55076921, domicilio social en [&hellip;]","og_url":"https:\/\/euses.cat\/es\/aviso-legal\/","og_site_name":"Euses","article_publisher":"https:\/\/www.facebook.com\/EUSESoficial\/","article_modified_time":"2023-02-27T08:07:09+00:00","twitter_card":"summary_large_image","twitter_site":"@EUSES_oficial","twitter_misc":{"Tiempo de lectura":"9 minutos"},"schema":{"@context":"https:\/\/schema.org","@graph":[{"@type":"WebPage","@id":"https:\/\/euses.cat\/es\/aviso-legal\/","url":"https:\/\/euses.cat\/es\/aviso-legal\/","name":"Aviso legal | Euses","isPartOf":{"@id":"https:\/\/euses.cat\/#website"},"datePublished":"2019-01-04T13:40:24+00:00","dateModified":"2023-02-27T08:07:09+00:00","breadcrumb":{"@id":"https:\/\/euses.cat\/es\/aviso-legal\/#breadcrumb"},"inLanguage":"es","potentialAction":[{"@type":"ReadAction","target":["https:\/\/euses.cat\/es\/aviso-legal\/"]}]},{"@type":"BreadcrumbList","@id":"https:\/\/euses.cat\/es\/aviso-legal\/#breadcrumb","itemListElement":[{"@type":"ListItem","position":1,"name":"Inici","item":"https:\/\/euses.cat\/es\/00-inici\/"},{"@type":"ListItem","position":2,"name":"Aviso legal"}]},{"@type":"WebSite","@id":"https:\/\/euses.cat\/#website","url":"https:\/\/euses.cat\/","name":"Euses","description":"EUSES, Escola Universit\u00e0ria de Fisioter\u00e0pia i CAFE","potentialAction":[{"@type":"SearchAction","target":{"@type":"EntryPoint","urlTemplate":"https:\/\/euses.cat\/?s={search_term_string}"},"query-input":{"@type":"PropertyValueSpecification","valueRequired":true,"valueName":"search_term_string"}}],"inLanguage":"es"}]}},"_links":{"self":[{"href":"https:\/\/euses.cat\/es\/wp-json\/wp\/v2\/pages\/75","targetHints":{"allow":["GET"]}}],"collection":[{"href":"https:\/\/euses.cat\/es\/wp-json\/wp\/v2\/pages"}],"about":[{"href":"https:\/\/euses.cat\/es\/wp-json\/wp\/v2\/types\/page"}],"author":[{"embeddable":true,"href":"https:\/\/euses.cat\/es\/wp-json\/wp\/v2\/users\/1"}],"replies":[{"embeddable":true,"href":"https:\/\/euses.cat\/es\/wp-json\/wp\/v2\/comments?post=75"}],"version-history":[{"count":14,"href":"https:\/\/euses.cat\/es\/wp-json\/wp\/v2\/pages\/75\/revisions"}],"predecessor-version":[{"id":1030,"href":"https:\/\/euses.cat\/es\/wp-json\/wp\/v2\/pages\/75\/revisions\/1030"}],"wp:attachment":[{"href":"https:\/\/euses.cat\/es\/wp-json\/wp\/v2\/media?parent=75"}],"curies":[{"name":"wp","href":"https:\/\/api.w.org\/{rel}","templated":true}]}}